{"id":180,"date":"2024-02-09T19:26:28","date_gmt":"2024-02-09T18:26:28","guid":{"rendered":"http:\/\/mhp.mboeck.de\/?page_id=180"},"modified":"2024-02-09T19:26:29","modified_gmt":"2024-02-09T18:26:29","slug":"impressum","status":"publish","type":"page","link":"https:\/\/mhp.mboeck.de\/index.php\/impressum\/","title":{"rendered":"Impressum"},"content":{"rendered":"<p>[et_pb_section fb_built=&#8220;1&#8243; theme_builder_area=&#8220;post_content&#8220; _builder_version=&#8220;4.24.0&#8243; _module_preset=&#8220;default&#8220;][et_pb_row _builder_version=&#8220;4.24.0&#8243; _module_preset=&#8220;default&#8220; theme_builder_area=&#8220;post_content&#8220;][et_pb_column _builder_version=&#8220;4.24.0&#8243; _module_preset=&#8220;default&#8220; type=&#8220;4_4&#8243; theme_builder_area=&#8220;post_content&#8220;][et_pb_text _builder_version=&#8220;4.24.0&#8243; _module_preset=&#8220;default&#8220; theme_builder_area=&#8220;post_content&#8220; hover_enabled=&#8220;0&#8243; sticky_enabled=&#8220;0&#8243;]<\/p>\n<h1>Impressum<\/h1>\n<p>Angaben gem\u00e4\u00df \u00a7 5 TMG<\/p>\n<p>Helena Miliatz<br \/>Keetstra\u00dfe 2<br \/>49393 Lohne<\/p>\n<p><b>Vertreten durch:<\/b><br \/>Helena Miliatz<\/p>\n<p><b>Kontakt:<\/b><br \/>Telefon: +49 (0) 444 2 958 40 40<br \/>E-Mail: info@mhp-tax.de<\/p>\n<p><b>Zust\u00e4ndige Aufsichtsbeh\u00f6rde<\/b><br \/>Nieders\u00e4chsisches Finanzministerium<br \/>Schiffgraben 10<br \/>30159 Hannover<\/p>\n<p><b>Berufsbezeichnung:<\/b><br \/>Steuerberater<br \/>Zust\u00e4ndige Kammer: Steuerberaterkammer Niedersachsen<br \/>Verliehen durch: Bundesrepublik Deutschland<\/p>\n<p>[\/et_pb_text][\/et_pb_column][\/et_pb_row][\/et_pb_section]<\/p>\n","protected":false},"excerpt":{"rendered":"<p>Impressum Angaben gem\u00e4\u00df \u00a7 5 TMG Helena MiliatzKeetstra\u00dfe 249393 Lohne Vertreten durch:Helena Miliatz Kontakt:Telefon: +49 (0) 444 2 958 40 40E-Mail: info@mhp-tax.de Zust\u00e4ndige Aufsichtsbeh\u00f6rdeNieders\u00e4chsisches FinanzministeriumSchiffgraben 1030159 Hannover Berufsbezeichnung:SteuerberaterZust\u00e4ndige Kammer: Steuerberaterkammer NiedersachsenVerliehen durch: Bundesrepublik Deutschland<\/p>\n","protected":false},"author":1,"featured_media":0,"parent":0,"menu_order":0,"comment_status":"closed","ping_status":"closed","template":"","meta":{"_et_pb_use_builder":"on","_et_pb_old_content":"","_et_gb_content_width":"","footnotes":""},"class_list":["post-180","page","type-page","status-publish","hentry"],"_links":{"self":[{"href":"https:\/\/mhp.mboeck.de\/index.php\/wp-json\/wp\/v2\/pages\/180","targetHints":{"allow":["GET"]}}],"collection":[{"href":"https:\/\/mhp.mboeck.de\/index.php\/wp-json\/wp\/v2\/pages"}],"about":[{"href":"https:\/\/mhp.mboeck.de\/index.php\/wp-json\/wp\/v2\/types\/page"}],"author":[{"embeddable":true,"href":"https:\/\/mhp.mboeck.de\/index.php\/wp-json\/wp\/v2\/users\/1"}],"replies":[{"embeddable":true,"href":"https:\/\/mhp.mboeck.de\/index.php\/wp-json\/wp\/v2\/comments?post=180"}],"version-history":[{"count":3,"href":"https:\/\/mhp.mboeck.de\/index.php\/wp-json\/wp\/v2\/pages\/180\/revisions"}],"predecessor-version":[{"id":633,"href":"https:\/\/mhp.mboeck.de\/index.php\/wp-json\/wp\/v2\/pages\/180\/revisions\/633"}],"wp:attachment":[{"href":"https:\/\/mhp.mboeck.de\/index.php\/wp-json\/wp\/v2\/media?parent=180"}],"curies":[{"name":"wp","href":"https:\/\/api.w.org\/{rel}","templated":true}]}}